{"id":24005,"date":"2023-11-14T18:07:38","date_gmt":"2023-11-14T18:07:38","guid":{"rendered":"https:\/\/thamesriversightseeing.com\/covid-19-datenschutzerklaerung\/"},"modified":"2025-11-19T17:19:56","modified_gmt":"2025-11-19T17:19:56","slug":"covid-19-datenschutzerklaerung","status":"publish","type":"page","link":"https:\/\/thamesriversightseeing.com\/de\/covid-19-datenschutzerklaerung\/","title":{"rendered":"Covid-19-Datenschutzerkl\u00e4rung"},"content":{"rendered":"\t\t<div data-elementor-type=\"wp-page\" data-elementor-id=\"24005\" class=\"elementor elementor-24005 elementor-915\" data-elementor-post-type=\"page\">\n\t\t\t\t<div class=\"elementor-element elementor-element-ef8eb98 e-flex e-con-boxed e-con e-parent\" data-id=\"ef8eb98\" data-element_type=\"container\" data-e-type=\"container\" data-settings=\"{&quot;background_background&quot;:&quot;classic&quot;,&quot;jet_parallax_layout_list&quot;:[]}\">\n\t\t\t\t\t<div class=\"e-con-inner\">\n\t\t\t\t<div class=\"elementor-element elementor-element-15720f2 elementor-widget elementor-widget-heading\" data-id=\"15720f2\" data-element_type=\"widget\" data-e-type=\"widget\" data-widget_type=\"heading.default\">\n\t\t\t\t<div class=\"elementor-widget-container\">\n\t\t\t\t\t<h1 class=\"elementor-heading-title elementor-size-default\">Cookie- und Datenschutzerkl\u00e4rung<\/h1>\t\t\t\t<\/div>\n\t\t\t\t<\/div>\n\t\t\t\t\t<\/div>\n\t\t\t\t<\/div>\n\t\t<div class=\"elementor-element elementor-element-630f0e1 e-flex e-con-boxed e-con e-parent\" data-id=\"630f0e1\" data-element_type=\"container\" data-e-type=\"container\" data-settings=\"{&quot;jet_parallax_layout_list&quot;:[]}\">\n\t\t\t\t\t<div class=\"e-con-inner\">\n\t\t<div class=\"elementor-element elementor-element-0f3fc61 e-con-full e-flex e-con e-child\" data-id=\"0f3fc61\" data-element_type=\"container\" data-e-type=\"container\" data-settings=\"{&quot;jet_parallax_layout_list&quot;:[]}\">\n\t\t\t\t<div class=\"elementor-element elementor-element-019ef39 elementor-widget elementor-widget-text-editor\" data-id=\"019ef39\" data-element_type=\"widget\" data-e-type=\"widget\" data-widget_type=\"text-editor.default\">\n\t\t\t\t<div class=\"elementor-widget-container\">\n\t\t\t\t\t\t\t\t\t<p><strong>COVID-19-DATENSCHUTZHINWEIS Erfassung von Kundendaten: Wie wir Ihre Informationen verwenden<\/strong><\/p><p>Zur Unterst\u00fctzung von NHS Test and Trace (das Teil des Department for Health and Social Care ist) in England sind wir gesetzlich verpflichtet, eine begrenzte Aufzeichnung von Mitarbeitern, Kunden und Besuchern, die unsere R\u00e4umlichkeiten betreten, zum Zweck der Kontaktverfolgung zu sammeln und aufzubewahren.<\/p><p>Durch das F\u00fchren von Aufzeichnungen \u00fcber Mitarbeiter, Kunden und Besucher und deren Weitergabe an NHS Test and Trace auf Anfrage k\u00f6nnen wir dazu beitragen, Personen zu identifizieren, die m\u00f6glicherweise dem Coronavirus ausgesetzt waren.<\/p><p>Als Kunde\/Besucher von Thames River Sightseeing werden Sie gebeten, einige grundlegende Informationen und Kontaktdaten anzugeben. Die folgenden Informationen werden gesammelt: <\/p><ul><li>die Namen aller Kunden oder Besucher, oder, wenn es sich um eine Gruppe von Personen handelt, den Namen eines Mitglieds der Gruppe<\/li><li>eine Kontakttelefonnummer f\u00fcr jeden Kunden oder Besucher oder f\u00fcr das f\u00fchrende Mitglied einer Personengruppe<\/li><li>Besuchsdatum sowie Ankunfts- und Abfahrtszeit<\/li><\/ul><p>Thames River Sightseeing ist als Datenverantwortlicher f\u00fcr die Erfassung Ihrer pers\u00f6nlichen Daten f\u00fcr die Einhaltung der Datenschutzgesetzgebung w\u00e4hrend des Zeitraums verantwortlich, in dem die Informationen gespeichert werden. Wenn diese Informationen vom NHS Test and Trace-Dienst angefordert werden, w\u00e4re der Dienst zu diesem Zeitpunkt f\u00fcr die Einhaltung der Datenschutzgesetzgebung f\u00fcr diesen Zeitraum verantwortlich. <\/p><p>Der NHS Test and Trace-Dienst hat im Rahmen des Schutzes Ihrer pers\u00f6nlichen Daten technische, organisatorische und administrative Sicherheitsma\u00dfnahmen implementiert, um Ihre pers\u00f6nlichen Informationen, die er von Thames River Sightseeing erh\u00e4lt und speichert, vor Verlust, Missbrauch und unbefugtem Zugriff, Offenlegung, \u00c4nderung und Zerst\u00f6rung zu sch\u00fctzen.<\/p><p>NHS Test and Trace hat uns gebeten, diese Informationen 21 Tage ab dem Datum Ihres Besuchs aufzubewahren, um die Kontaktverfolgung durch NHS Test and Trace in diesem Zeitraum zu erm\u00f6glichen. Wir werden Informationen nur dann mit NHS Test and Trace teilen, wenn diese ausdr\u00fccklich von ihnen angefordert werden. <\/p><p>Wenn zum Beispiel ein anderer Kunde am Veranstaltungsort Symptome meldete und anschlie\u00dfend positiv getestet wurde, kann NHS Test and Trace das Protokoll der Kundendaten f\u00fcr einen bestimmten Zeitraum anfordern (dies k\u00f6nnen beispielsweise alle Kunden sein, die an einem bestimmten Tag oder in einem bestimmten Zeitfenster oder \u00fcber einen Zeitraum von 2 Tagen zu Besuch waren).<\/p><p>Gem\u00e4\u00df den beh\u00f6rdlichen Richtlinien k\u00f6nnen die von uns gesammelten Informationen solche umfassen, die wir normalerweise nicht von Ihnen sammeln w\u00fcrden und die wir daher ausschlie\u00dflich zum Zweck der Kontaktverfolgung erfassen. Informationen dieser Art werden nicht f\u00fcr andere Zwecke verwendet, und NHS Test and Trace wird diese Informationen nicht an Dritte weitergeben, es sei denn, dies ist gesetzlich vorgeschrieben (zum Beispiel aufgrund eines Gerichtsbeschlusses). Dar\u00fcber hinaus werden Informationen, die ausschlie\u00dflich zum Zweck der Kontaktverfolgung gesammelt werden, von uns 21 Tage nach dem Datum Ihres Besuchs vernichtet.  <\/p><p>Die beh\u00f6rdlichen Richtlinien k\u00f6nnen jedoch auch Informationen umfassen, die wir im Rahmen unserer \u00fcblichen Gesch\u00e4ftsbeziehungen mit Ihnen normalerweise sammeln und speichern w\u00fcrden (zum Beispiel Ihr Name, Geburtsdatum und Ihre Telefonnummer). In diesem Fall werden nur diese Informationen nach 21 Tagen weiterhin gespeichert, und wir werden sie wie gewohnt verwenden, es sei denn und bis Sie uns mitteilen, dies nicht zu tun. <\/p><p>Ihre Informationen werden stets in \u00dcbereinstimmung mit der einschl\u00e4gigen Datenschutzgesetzgebung gespeichert und verwendet.<\/p><p>Die Verwendung Ihrer Informationen f\u00e4llt unter Artikel 6 Absatz 1 Buchstabe c der Datenschutz-Grundverordnung \u2013 eine rechtliche Verpflichtung, der wir als Veranstaltungsort\/Einrichtung unterliegen. Die rechtliche Verpflichtung, der wir unterliegen, bedeutet, dass wir gesetzlich durch eine Reihe neuer Vorschriften der Regierung verpflichtet sind, mit dem NHS Test and Trace-Dienst zusammenzuarbeiten, um ein sicheres Betriebsumfeld aufrechtzuerhalten und lokale Ausbr\u00fcche des Coronavirus zu bek\u00e4mpfen. <\/p><p>Thames River Sightseeing wird Ihre pers\u00f6nlichen Daten nicht au\u00dferhalb des Vereinigten K\u00f6nigreichs, der EU oder an einen anderen Ort \u00fcbertragen.<\/p><p>Gesetzlich haben Sie als betroffene Person eine Reihe von Rechten, wie das Recht auf Information, das Recht auf Zugang zu den \u00fcber Sie gespeicherten Informationen und das Recht auf Berichtigung ungenauer Daten, die wir \u00fcber Sie speichern.<\/p><p>Sie haben das Recht, die L\u00f6schung Ihrer bei uns gespeicherten pers\u00f6nlichen Daten zu verlangen (obwohl dies kein absolutes Recht ist).<\/p><p>Sie haben das Recht, unter bestimmten Umst\u00e4nden die Einschr\u00e4nkung der Verarbeitung Ihrer bei uns gespeicherten pers\u00f6nlichen Daten zu verlangen.<\/p><p>Sie haben das Recht, der Verarbeitung Ihrer pers\u00f6nlichen Daten aus Gr\u00fcnden, die sich aus Ihrer besonderen Situation ergeben, zu widersprechen (auch dieses Recht ist nicht absolut).<\/p><p>Wenn Sie unzufrieden sind oder sich dar\u00fcber beschweren m\u00f6chten, wie Ihre Informationen verwendet werden, sollten Sie sich zun\u00e4chst an einen Mitarbeiter wenden, um Ihr Anliegen zu kl\u00e4ren.<\/p><p>Wenn Sie immer noch nicht zufrieden sind, k\u00f6nnen Sie sich an das Information Commissioner\u2019s Office wenden. Die Website-Adresse lautet <a href=\"https:\/\/ico.org.uk\/\" target=\"_blank\" rel=\"noopener noreferrer\">www.ico.org.uk<\/a>. <\/p><p>Wenn Sie Fragen zu dieser Datenschutzerkl\u00e4rung haben, kontaktieren Sie bitte unser Team unter <a href=\"mailto:info@thamesriversightseeing.com\" target=\"_blank\" rel=\"noopener noreferrer\">info@thamesriversightseeing.com<\/a><\/p><p>Wir \u00fcberpr\u00fcfen unsere Datenschutzerkl\u00e4rung regelm\u00e4\u00dfig und werden neue Versionen auf unserer Datenschutzerkl\u00e4rung-Seite unter <a href=\"https:\/\/www.thamesriversightseeing.com\/\">https:\/\/www.thamesriversightseeing.com\/<\/a> verf\u00fcgbar machen.<\/p><p>Diese Datenschutzerkl\u00e4rung wurde zuletzt am 24. September 2020 aktualisiert.<\/p>\t\t\t\t\t\t\t\t<\/div>\n\t\t\t\t<\/div>\n\t\t\t\t<\/div>\n\t\t\t\t\t<\/div>\n\t\t\t\t<\/div>\n\t\t\t\t<\/div>\n\t\t","protected":false},"excerpt":{"rendered":"<p>Cookie- und Datenschutzerkl\u00e4rung COVID-19-DATENSCHUTZHINWEIS Erfassung von Kundendaten: Wie wir Ihre Informationen verwenden Zur Unterst\u00fctzung von NHS Test and Trace (das Teil des Department for Health and Social Care ist) in England sind wir gesetzlich verpflichtet, eine begrenzte Aufzeichnung von Mitarbeitern, Kunden und Besuchern, die unsere R\u00e4umlichkeiten betreten, zum Zweck der Kontaktverfolgung zu sammeln und aufzubewahren. [&hellip;]<\/p>\n","protected":false},"author":1,"featured_media":0,"parent":0,"menu_order":0,"comment_status":"closed","ping_status":"closed","template":"","meta":{"footnotes":""},"class_list":["post-24005","page","type-page","status-publish","hentry"],"_links":{"self":[{"href":"https:\/\/thamesriversightseeing.com\/de\/wp-json\/wp\/v2\/pages\/24005","targetHints":{"allow":["GET"]}}],"collection":[{"href":"https:\/\/thamesriversightseeing.com\/de\/wp-json\/wp\/v2\/pages"}],"about":[{"href":"https:\/\/thamesriversightseeing.com\/de\/wp-json\/wp\/v2\/types\/page"}],"author":[{"embeddable":true,"href":"https:\/\/thamesriversightseeing.com\/de\/wp-json\/wp\/v2\/users\/1"}],"replies":[{"embeddable":true,"href":"https:\/\/thamesriversightseeing.com\/de\/wp-json\/wp\/v2\/comments?post=24005"}],"version-history":[{"count":0,"href":"https:\/\/thamesriversightseeing.com\/de\/wp-json\/wp\/v2\/pages\/24005\/revisions"}],"wp:attachment":[{"href":"https:\/\/thamesriversightseeing.com\/de\/wp-json\/wp\/v2\/media?parent=24005"}],"curies":[{"name":"wp","href":"https:\/\/api.w.org\/{rel}","templated":true}]}}