{"id":24048,"date":"2023-11-14T17:57:38","date_gmt":"2023-11-14T17:57:38","guid":{"rendered":"https:\/\/thamesriversightseeing.com\/cookie-und-datenschutzerklaerung\/"},"modified":"2025-11-19T17:20:07","modified_gmt":"2025-11-19T17:20:07","slug":"cookie-und-datenschutzerklaerung","status":"publish","type":"page","link":"https:\/\/thamesriversightseeing.com\/de\/cookie-und-datenschutzerklaerung\/","title":{"rendered":"Cookie- und Datenschutzerkl\u00e4rung"},"content":{"rendered":"\t\t<div data-elementor-type=\"wp-page\" data-elementor-id=\"24048\" class=\"elementor elementor-24048 elementor-910\" data-elementor-post-type=\"page\">\n\t\t\t\t<div class=\"elementor-element elementor-element-ef8eb98 e-flex e-con-boxed e-con e-parent\" data-id=\"ef8eb98\" data-element_type=\"container\" data-e-type=\"container\" data-settings=\"{&quot;background_background&quot;:&quot;classic&quot;,&quot;jet_parallax_layout_list&quot;:[]}\">\n\t\t\t\t\t<div class=\"e-con-inner\">\n\t\t\t\t<div class=\"elementor-element elementor-element-15720f2 elementor-widget elementor-widget-heading\" data-id=\"15720f2\" data-element_type=\"widget\" data-e-type=\"widget\" data-widget_type=\"heading.default\">\n\t\t\t\t<div class=\"elementor-widget-container\">\n\t\t\t\t\t<h1 class=\"elementor-heading-title elementor-size-default\">Datenschutz und Cookies<\/h1>\t\t\t\t<\/div>\n\t\t\t\t<\/div>\n\t\t\t\t\t<\/div>\n\t\t\t\t<\/div>\n\t\t<div class=\"elementor-element elementor-element-630f0e1 e-flex e-con-boxed e-con e-parent\" data-id=\"630f0e1\" data-element_type=\"container\" data-e-type=\"container\" data-settings=\"{&quot;jet_parallax_layout_list&quot;:[]}\">\n\t\t\t\t\t<div class=\"e-con-inner\">\n\t\t<div class=\"elementor-element elementor-element-0f3fc61 e-con-full e-flex e-con e-child\" data-id=\"0f3fc61\" data-element_type=\"container\" data-e-type=\"container\" data-settings=\"{&quot;jet_parallax_layout_list&quot;:[]}\">\n\t\t\t\t<div class=\"elementor-element elementor-element-ac1c7f0 elementor-widget elementor-widget-heading\" data-id=\"ac1c7f0\" data-element_type=\"widget\" data-e-type=\"widget\" data-widget_type=\"heading.default\">\n\t\t\t\t<div class=\"elementor-widget-container\">\n\t\t\t\t\t<h2 class=\"elementor-heading-title elementor-size-default\">Unsere Richtlinien verstehen<\/h2>\t\t\t\t<\/div>\n\t\t\t\t<\/div>\n\t\t\t\t<div class=\"elementor-element elementor-element-019ef39 elementor-widget elementor-widget-text-editor\" data-id=\"019ef39\" data-element_type=\"widget\" data-e-type=\"widget\" data-widget_type=\"text-editor.default\">\n\t\t\t\t<div class=\"elementor-widget-container\">\n\t\t\t\t\t\t\t\t\t<p><strong>1. Was diese Datenschutzrichtlinie abdeckt<\/strong><\/p><p>Diese Datenschutzrichtlinie erl\u00e4utert, welche Informationen Thames River Sightseeing \u00fcber Sie sammelt und wie diese verwendet werden.<\/p><p>Thames River Sightseeing verpflichtet sich, alle pers\u00f6nlichen Daten, die Sie uns mitteilen oder die wir von anderen Organisationen erhalten, zu respektieren und sicher aufzubewahren. Wir sind bestrebt, transparent zu sein, wenn wir Ihre Daten erfassen, und nichts zu tun, was Sie nicht vern\u00fcnftigerweise erwarten w\u00fcrden. <\/p><p>Wenn Sie Fragen zu dieser Datenschutzerkl\u00e4rung haben, kontaktieren Sie bitte unser Team unter <a href=\"mailto:info@thamesriversightseeing.com\" target=\"_blank\" rel=\"noopener noreferrer\">info@thamesriversightseeing.com<\/a><\/p><p><strong>2. Welche Informationen wir \u00fcber Sie sammeln und wie wir sie sammeln<\/strong><\/p><ul><li>Informationen, die Sie uns geben<\/li><\/ul><p>Wenn Sie bei uns Tickets f\u00fcr Thames River Sightseeing kaufen, werden wir Sie nach Ihren pers\u00f6nlichen Daten fragen, damit wir Ihren Kauf bearbeiten k\u00f6nnen.<\/p><p><strong>Pers\u00f6nliche Informationen, die wir sammeln, k\u00f6nnen Folgendes umfassen:<\/strong><\/p><ul><li>Anrede, Vorname, Nachname;<\/li><li>Postanschrift, E-Mail-Adresse und Telefonnummern<\/li><li>Kreditkartendaten<\/li><\/ul><p>F\u00fcr Schul-\/Gruppenbuchungen erfassen wir m\u00f6glicherweise auch:<\/p><ul><li>Name der Organisation<\/li><li>Postanschrift, E-Mail-Adresse und Telefonnummern der Organisation<\/li><li>Kreditkarten- oder Bankdaten<\/li><\/ul><p>Wir erfassen diese pers\u00f6nlichen Daten, wenn Sie Formulare auf dieser Website ausf\u00fcllen oder wenn Sie per Telefon oder E-Mail mit uns korrespondieren.<\/p><ul><li>Informationen, die Sie an Dritte weitergeben<\/li><\/ul><p><strong>Wir erfassen auch personenbezogene Daten von den folgenden Dritten:<\/strong><\/p><ul><li>Ticketagenten, die personenbezogene Daten an uns \u00fcbermitteln, wenn Sie bei ihnen ein Ticket f\u00fcr eine unserer Dienstleistungen kaufen.<\/li><li>Reiseveranstalter, die uns personenbezogene Daten per Handelsgutschein \u00fcbermitteln, wenn Sie bei ihnen ein Ticket f\u00fcr eine unserer Dienstleistungen kaufen. Andere Handelspartner, die personenbezogene Daten per Rabatt- oder Sonderangebotsgutschein an uns \u00fcbermitteln, wenn Sie ihre Dienstleistungen nutzen und diese Werbeaktionen nutzen.<\/li><li>CCTV \u2013 Durch den Einsatz von CCTV und am K\u00f6rper getragenen Kameras (von denen einige Audio aufzeichnen k\u00f6nnen), um Verbrechen zu verhindern und aufzudecken und um die Sicherheit von Personen zu gew\u00e4hrleisten, die unsere Schiffe besuchen und auf ihnen arbeiten oder sich an unseren Piers aufhalten.<\/li><li>Cookies<\/li><\/ul><p>Ein Cookie ist eine kleine Datei, die um Erlaubnis bittet, auf der Festplatte Ihres Computers platziert zu werden. Sobald Sie zustimmen, wird die Datei hinzugef\u00fcgt und das Cookie hilft, den Webverkehr zu analysieren oder Sie zu benachrichtigen, wenn Sie eine bestimmte Website besuchen. <\/p><p>Cookies erm\u00f6glichen es Webanwendungen, auf Sie als Individuum zu reagieren. Die Webanwendung kann ihre Abl\u00e4ufe an Ihre Bed\u00fcrfnisse, Vorlieben und Abneigungen anpassen, indem sie Informationen \u00fcber Ihre Pr\u00e4ferenzen sammelt und speichert. <\/p><p>Wir verwenden Traffic-Log-Cookies, um zu identifizieren, welche Seiten verwendet werden. Dies hilft uns, Daten \u00fcber den Webseitenverkehr zu analysieren und unsere Website zu verbessern, um sie an die Kundenbed\u00fcrfnisse anzupassen. Wir verwenden diese Informationen nur f\u00fcr statistische Analysezwecke und anschlie\u00dfend werden die Daten aus dem System entfernt.  <\/p><p>Insgesamt helfen uns Cookies, Ihnen eine bessere Website zur Verf\u00fcgung zu stellen, indem sie es uns erm\u00f6glichen, zu \u00fcberwachen, welche Seiten Sie n\u00fctzlich finden und welche nicht. Ein Cookie gibt uns in keiner Weise Zugriff auf Ihren Computer oder andere Informationen \u00fcber Sie, au\u00dfer den Daten, die Sie uns mitteilen. <\/p><p>Sie k\u00f6nnen w\u00e4hlen, ob Sie Cookies akzeptieren oder ablehnen. Die meisten Webbrowser akzeptieren Cookies automatisch, aber Sie k\u00f6nnen Ihre Browsereinstellungen normalerweise so \u00e4ndern, dass Cookies abgelehnt werden, wenn Sie dies bevorzugen. Dies kann verhindern, dass Sie die Website vollst\u00e4ndig nutzen k\u00f6nnen.  <\/p><p><strong>Google Analytics<\/strong><\/p><p>Diese Website verwendet Google Analytics, um die Daten zu analysieren, aber wir sammeln keine pers\u00f6nlichen Informationen. Wir verwenden dieses Tool, um zu verstehen, wie unsere Besucher unsere Website und Apps nutzen und mit ihnen interagieren. Diese Analyse hilft uns, unsere Webdienste und Ihr Online-Erlebnis zu verbessern.  <\/p><p><strong>Soziale Medien<\/strong><\/p><p>Wenn Sie ein Social-Media-Nutzer sind, werden wir bestimmte Social-Media-Tools im Rahmen unserer Beziehung zu Ihnen verwenden. Dazu geh\u00f6ren Facebook, Twitter, Instagram und LinkedIn. <\/p><p><strong>3. Was wir mit Ihren Informationen tun<\/strong><\/p><p>Derzeit verwenden wir Ihre Daten f\u00fcr die folgenden Zwecke:<\/p><ul><li>Um ein von Ihnen angefordertes Produkt oder eine Dienstleistung bereitzustellen<\/li><li>Um Sie zu kontaktieren, wenn wir zus\u00e4tzliche Informationen ben\u00f6tigen oder bereitstellen m\u00fcssen (z. B. Serviceausfall)<\/li><li>Fundsachen<\/li><li>Kundenbeschwerden<\/li><li>F\u00fcr Rechnungsstellungszwecke<\/li><li>Um einer gesetzlichen Verpflichtung nachzukommen, f\u00fcr die folgenden Zwecke:<\/li><li>wenn Sie Ihre Rechte gem\u00e4\u00df dem Datenschutzgesetz aus\u00fcben und Anfragen stellen;<\/li><li>um mit Untersuchungen offizieller maritimer Stellen wie der Maritime and Coastguard Agency und der Port of London Authority zusammenzuarbeiten; und<\/li><li>um jeder gesetzlichen Verpflichtung, jeder rechtm\u00e4\u00dfigen Anfrage von Regierungs- oder Strafverfolgungsbeamten nachzukommen und um die nationale Sicherheit oder die Anforderungen der Strafverfolgung zu erf\u00fcllen oder illegale Aktivit\u00e4ten zu verhindern.<\/li><li>Wir werden Ihre pers\u00f6nlichen Daten niemals verkaufen<\/li><li>Wir werden Ihre pers\u00f6nlichen Daten niemals f\u00fcr Marketingzwecke verwenden<\/li><\/ul><p><strong>4. An wen geben wir Ihre pers\u00f6nlichen Daten weiter<\/strong><\/p><p>Wir geben die Daten an Dritte weiter, um unser Gesch\u00e4ft zu verwalten und Dienstleistungen zu erbringen. Diese Dritten m\u00fcssen m\u00f6glicherweise von Zeit zu Zeit auf Ihre pers\u00f6nlichen Daten zugreifen und umfassen: <\/p><ul><li>Dienstleister, die bei der Verwaltung unserer IT- und Backoffice-Systeme helfen und unsere Customer Relationship Management-Aktivit\u00e4ten unterst\u00fctzen, wie z. B. Marketingagenturpartner (Website-Wartung, Buchungssystem, Suchmaschinenoptimierung, Facebook-, Instagram-, Twitter-Konten), Kreditkartendienstleistungsunternehmen und Gehaltsabrechnungsdienstleistungsunternehmen.<\/li><li>Handelspartner, mit denen wir Pakete auf unserer Website verkaufen<\/li><\/ul><p><strong>  5. Sicherheit<\/strong><\/p><p>Wir sind uns der Notwendigkeit bewusst, sicherzustellen, dass die \u00fcber diese Website erfassten pers\u00f6nlichen Daten sicher bleiben. Unsere Agenturpartner verwenden die branchen\u00fcbliche Secure Server Software (SSL) f\u00fcr Ihre Transaktionen mit uns, um den Verlust, den Missbrauch und die Ver\u00e4nderung der pers\u00f6nlichen Daten, die sich in unserem Besitz befinden, zu verhindern. Sie verschl\u00fcsselt alle Ihre pers\u00f6nlichen Daten, einschlie\u00dflich Kreditkartennummer, Name und Adresse, so dass sie nicht gelesen werden k\u00f6nnen, wenn die Informationen \u00fcber das Internet \u00fcbertragen werden. Sie erkennen jedoch an, dass, obwohl wir angemessene Sorgfalt und Sicherheit walten lassen, das Risiko besteht, dass \u00fcber das Internet \u00fcbertragene und von einem Computer gespeicherte Informationen von einem unbefugten Dritten abgefangen oder aufgerufen werden k\u00f6nnen.   <\/p><p><strong>6. Rekrutierung und Besch\u00e4ftigung<\/strong><\/p><p>Um unseren vertraglichen, gesetzlichen und verwaltungstechnischen Verpflichtungen und Verantwortlichkeiten nachzukommen, verarbeiten wir personenbezogene Daten von Bewerbern und Mitarbeitern.<\/p><p>Wir geben diese personenbezogenen Daten an das Gehaltsabrechnungsdienstleistungsunternehmen weiter. Gehaltsabrechnungen werden von diesem ausgestellt. <\/p><p><strong>7. \u00c4nderungen unserer Datenschutzrichtlinie<\/strong><\/p><p>Wir behalten uns das Recht vor, unsere Datenschutzrichtlinie von Zeit zu Zeit zu \u00e4ndern. Alle diese \u00c4nderungen werden auf dieser Seite ver\u00f6ffentlicht, damit wir Sie dar\u00fcber informieren k\u00f6nnen, wie wir Ihre pers\u00f6nlichen Daten verarbeiten. Wir empfehlen Ihnen, diese Seite regelm\u00e4\u00dfig zu konsultieren, damit Sie \u00fcber unsere aktuelle Datenschutzrichtlinie informiert sind und Ihre Pr\u00e4ferenzen bei Bedarf aktualisieren k\u00f6nnen. Ihre fortgesetzte Nutzung unserer Dienste stellt Ihre Zustimmung zu jeder \u00fcberarbeiteten Datenschutzrichtlinie dar.   <\/p>\t\t\t\t\t\t\t\t<\/div>\n\t\t\t\t<\/div>\n\t\t\t\t<\/div>\n\t\t\t\t\t<\/div>\n\t\t\t\t<\/div>\n\t\t\t\t<\/div>\n\t\t","protected":false},"excerpt":{"rendered":"<p>Datenschutz und Cookies Unsere Richtlinien verstehen 1. Was diese Datenschutzrichtlinie abdeckt Diese Datenschutzrichtlinie erl\u00e4utert, welche Informationen Thames River Sightseeing \u00fcber Sie sammelt und wie diese verwendet werden. Thames River Sightseeing verpflichtet sich, alle pers\u00f6nlichen Daten, die Sie uns mitteilen oder die wir von anderen Organisationen erhalten, zu respektieren und sicher aufzubewahren. Wir sind bestrebt, transparent [&hellip;]<\/p>\n","protected":false},"author":1,"featured_media":0,"parent":0,"menu_order":0,"comment_status":"closed","ping_status":"closed","template":"","meta":{"footnotes":""},"class_list":["post-24048","page","type-page","status-publish","hentry"],"_links":{"self":[{"href":"https:\/\/thamesriversightseeing.com\/de\/wp-json\/wp\/v2\/pages\/24048","targetHints":{"allow":["GET"]}}],"collection":[{"href":"https:\/\/thamesriversightseeing.com\/de\/wp-json\/wp\/v2\/pages"}],"about":[{"href":"https:\/\/thamesriversightseeing.com\/de\/wp-json\/wp\/v2\/types\/page"}],"author":[{"embeddable":true,"href":"https:\/\/thamesriversightseeing.com\/de\/wp-json\/wp\/v2\/users\/1"}],"replies":[{"embeddable":true,"href":"https:\/\/thamesriversightseeing.com\/de\/wp-json\/wp\/v2\/comments?post=24048"}],"version-history":[{"count":0,"href":"https:\/\/thamesriversightseeing.com\/de\/wp-json\/wp\/v2\/pages\/24048\/revisions"}],"wp:attachment":[{"href":"https:\/\/thamesriversightseeing.com\/de\/wp-json\/wp\/v2\/media?parent=24048"}],"curies":[{"name":"wp","href":"https:\/\/api.w.org\/{rel}","templated":true}]}}