{"id":23998,"date":"2023-11-14T18:07:38","date_gmt":"2023-11-14T18:07:38","guid":{"rendered":"https:\/\/thamesriversightseeing.com\/politica-de-privacidad-de-la-covid-19\/"},"modified":"2025-11-19T17:19:56","modified_gmt":"2025-11-19T17:19:56","slug":"politica-de-privacidad-de-la-covid-19","status":"publish","type":"page","link":"https:\/\/thamesriversightseeing.com\/es\/politica-de-privacidad-de-la-covid-19\/","title":{"rendered":"Pol\u00edtica de privacidad de la Covid-19"},"content":{"rendered":"\t\t<div data-elementor-type=\"wp-page\" data-elementor-id=\"23998\" class=\"elementor elementor-23998 elementor-915\" data-elementor-post-type=\"page\">\n\t\t\t\t<div class=\"elementor-element elementor-element-ef8eb98 e-flex e-con-boxed e-con e-parent\" data-id=\"ef8eb98\" data-element_type=\"container\" data-e-type=\"container\" data-settings=\"{&quot;background_background&quot;:&quot;classic&quot;,&quot;jet_parallax_layout_list&quot;:[]}\">\n\t\t\t\t\t<div class=\"e-con-inner\">\n\t\t\t\t<div class=\"elementor-element elementor-element-15720f2 elementor-widget elementor-widget-heading\" data-id=\"15720f2\" data-element_type=\"widget\" data-e-type=\"widget\" data-widget_type=\"heading.default\">\n\t\t\t\t<div class=\"elementor-widget-container\">\n\t\t\t\t\t<h1 class=\"elementor-heading-title elementor-size-default\">Pol\u00edtica de cookies y privacidad<\/h1>\t\t\t\t<\/div>\n\t\t\t\t<\/div>\n\t\t\t\t\t<\/div>\n\t\t\t\t<\/div>\n\t\t<div class=\"elementor-element elementor-element-630f0e1 e-flex e-con-boxed e-con e-parent\" data-id=\"630f0e1\" data-element_type=\"container\" data-e-type=\"container\" data-settings=\"{&quot;jet_parallax_layout_list&quot;:[]}\">\n\t\t\t\t\t<div class=\"e-con-inner\">\n\t\t<div class=\"elementor-element elementor-element-0f3fc61 e-con-full e-flex e-con e-child\" data-id=\"0f3fc61\" data-element_type=\"container\" data-e-type=\"container\" data-settings=\"{&quot;jet_parallax_layout_list&quot;:[]}\">\n\t\t\t\t<div class=\"elementor-element elementor-element-019ef39 elementor-widget elementor-widget-text-editor\" data-id=\"019ef39\" data-element_type=\"widget\" data-e-type=\"widget\" data-widget_type=\"text-editor.default\">\n\t\t\t\t<div class=\"elementor-widget-container\">\n\t\t\t\t\t\t\t\t\t<p><strong>AVISO DE PRIVACIDAD DE LA COVID-19 Registro de datos de clientes: c\u00f3mo utilizamos su informaci\u00f3n<\/strong><\/p><p>Para apoyar a NHS Test and Trace (que forma parte del Departamento de Salud y Asistencia Social) en Inglaterra, la ley nos ha obligado a recopilar y mantener un registro limitado del personal, los clientes y los visitantes que acuden a nuestras instalaciones con el fin de rastrear los contactos.<\/p><p>Al mantener registros del personal, los clientes y los visitantes, y al compartirlos con NHS Test and Trace cuando se solicite, podemos ayudar a identificar a las personas que puedan haber estado expuestas al coronavirus.<\/p><p>Como cliente\/visitante de Thames River Sightseeing, se le pedir\u00e1 que proporcione informaci\u00f3n b\u00e1sica y datos de contacto. Se recopilar\u00e1 la siguiente informaci\u00f3n: <\/p><ul><li>los nombres de todos los clientes o visitantes, o si se trata de un grupo de personas, el nombre de un miembro del grupo<\/li><li>un n\u00famero de tel\u00e9fono de contacto para cada cliente o visitante, o para el miembro principal de un grupo de personas<\/li><li>fecha de la visita y hora de llegada y hora de salida<\/li><\/ul><p>Thames River Sightseeing, como responsable del tratamiento de los datos personales, ser\u00e1 responsable del cumplimiento de la legislaci\u00f3n de protecci\u00f3n de datos durante el per\u00edodo de tiempo en que conserve la informaci\u00f3n. Cuando el servicio NHS Test and Trace solicite dicha informaci\u00f3n, este servicio ser\u00e1 responsable del cumplimiento de la legislaci\u00f3n de protecci\u00f3n de datos durante ese per\u00edodo de tiempo. <\/p><p>El servicio NHS Test and Trace, como parte de la protecci\u00f3n de sus datos personales, cuenta con medidas de seguridad t\u00e9cnicas, organizativas y administrativas para proteger su informaci\u00f3n personal que recibe de Thames River Sightseeing, que posee contra la p\u00e9rdida, el uso indebido y el acceso no autorizado, la divulgaci\u00f3n, la alteraci\u00f3n y la destrucci\u00f3n.<\/p><p>NHS Test and Trace nos ha pedido que conservemos esta informaci\u00f3n durante 21 d\u00edas a partir de la fecha de su visita, para que NHS Test and Trace pueda llevar a cabo el rastreo de contactos durante ese per\u00edodo. Solo compartiremos informaci\u00f3n con NHS Test and Trace si ellos lo solicitan espec\u00edficamente. <\/p><p>Por ejemplo, si otro cliente en el lugar informara de s\u00edntomas y posteriormente diera positivo, NHS Test and Trace puede solicitar el registro de los datos de los clientes durante un per\u00edodo de tiempo determinado (por ejemplo, esto puede ser todos los clientes que visitaron en un d\u00eda o franja horaria en particular, o durante un per\u00edodo de 2 d\u00edas).<\/p><p>Seg\u00fan las directrices del gobierno, la informaci\u00f3n que recopilamos puede incluir informaci\u00f3n que normalmente no recopilar\u00edamos de usted y que, por lo tanto, recopilamos solo con el fin de rastrear los contactos. La informaci\u00f3n de este tipo no se utilizar\u00e1 para otros fines, y NHS Test and Trace no divulgar\u00e1 esta informaci\u00f3n a ning\u00fan tercero a menos que la ley lo exija (por ejemplo, como resultado de recibir una orden judicial). Adem\u00e1s, cuando la informaci\u00f3n se recopile \u00fanicamente con el fin de rastrear los contactos, nosotros la destruiremos 21 d\u00edas despu\u00e9s de la fecha de su visita.  <\/p><p>Sin embargo, las directrices del gobierno tambi\u00e9n pueden cubrir la informaci\u00f3n que normalmente recopilar\u00edamos y conservar\u00edamos como parte de nuestras relaciones ordinarias con usted (tal vez, por ejemplo, su nombre, fecha de nacimiento y n\u00famero de tel\u00e9fono). Cuando este sea el caso, esta informaci\u00f3n solo se seguir\u00e1 conservando despu\u00e9s de 21 d\u00edas y la utilizaremos como lo har\u00edamos normalmente, a menos y hasta que nos diga que no lo hagamos. <\/p><p>Su informaci\u00f3n siempre se almacenar\u00e1 y utilizar\u00e1 de conformidad con la legislaci\u00f3n de protecci\u00f3n de datos pertinente.<\/p><p>El uso de su informaci\u00f3n est\u00e1 cubierto por el art\u00edculo 6 (1) (c) del Reglamento General de Protecci\u00f3n de Datos: una obligaci\u00f3n legal a la que estamos sujetos como lugar\/establecimiento. La obligaci\u00f3n legal a la que estamos sujetos significa que la ley, un conjunto de nuevas regulaciones del gobierno, nos obliga a cooperar con el servicio NHS Test and Trace, con el fin de ayudar a mantener un entorno operativo seguro y ayudar a combatir cualquier brote local de coronavirus. <\/p><p>Thames River Sightseeing no transferir\u00e1 sus datos personales fuera del Reino Unido, la UE o a cualquier otro lugar.<\/p><p>Por ley, usted tiene una serie de derechos como interesado, como el derecho a ser informado, el derecho a acceder a la informaci\u00f3n que tenemos sobre usted y el derecho a la rectificaci\u00f3n de cualquier dato inexacto que tengamos sobre usted.<\/p><p>Tiene derecho a solicitar que borremos los datos personales que tenemos sobre usted (aunque este no es un derecho absoluto).<\/p><p>Tiene derecho a solicitar que restrinjamos el tratamiento de los datos personales que tenemos sobre usted en determinadas circunstancias.<\/p><p>Tiene derecho a oponerse al tratamiento de los datos personales que le conciernen por motivos relacionados con su situaci\u00f3n particular (tambi\u00e9n de nuevo este derecho no es absoluto).<\/p><p>Si no est\u00e1 satisfecho o desea presentar una queja sobre c\u00f3mo se utiliza su informaci\u00f3n, debe ponerse en contacto con un miembro del personal en primera instancia para resolver su problema.<\/p><p>Si a\u00fan no est\u00e1 satisfecho, puede presentar una queja ante la Oficina del Comisionado de Informaci\u00f3n. La direcci\u00f3n de su sitio web es <a href=\"https:\/\/ico.org.uk\/\" target=\"_blank\" rel=\"noopener noreferrer\">www.ico.org.uk<\/a>. <\/p><p>Si tienes alguna pregunta sobre esta pol\u00edtica de privacidad, ponte en contacto con nuestro equipo en <a href=\"mailto:info@thamesriversightseeing.com\" target=\"_blank\" rel=\"noopener noreferrer\">info@thamesriversightseeing.com<\/a><\/p><p>Mantenemos nuestro aviso de privacidad bajo revisi\u00f3n peri\u00f3dica, y pondremos a disposici\u00f3n nuevas versiones en nuestra p\u00e1gina de aviso de privacidad en <a href=\"https:\/\/www.thamesriversightseeing.com\/\">https:\/\/www.thamesriversightseeing.com\/<\/a>.<\/p><p>Este aviso de privacidad se actualiz\u00f3 por \u00faltima vez el 24 de septiembre de 2020.<\/p>\t\t\t\t\t\t\t\t<\/div>\n\t\t\t\t<\/div>\n\t\t\t\t<\/div>\n\t\t\t\t\t<\/div>\n\t\t\t\t<\/div>\n\t\t\t\t<\/div>\n\t\t","protected":false},"excerpt":{"rendered":"<p>Pol\u00edtica de cookies y privacidad AVISO DE PRIVACIDAD DE LA COVID-19 Registro de datos de clientes: c\u00f3mo utilizamos su informaci\u00f3n Para apoyar a NHS Test and Trace (que forma parte del Departamento de Salud y Asistencia Social) en Inglaterra, la ley nos ha obligado a recopilar y mantener un registro limitado del personal, los clientes [&hellip;]<\/p>\n","protected":false},"author":1,"featured_media":0,"parent":0,"menu_order":0,"comment_status":"closed","ping_status":"closed","template":"","meta":{"footnotes":""},"class_list":["post-23998","page","type-page","status-publish","hentry"],"_links":{"self":[{"href":"https:\/\/thamesriversightseeing.com\/es\/wp-json\/wp\/v2\/pages\/23998","targetHints":{"allow":["GET"]}}],"collection":[{"href":"https:\/\/thamesriversightseeing.com\/es\/wp-json\/wp\/v2\/pages"}],"about":[{"href":"https:\/\/thamesriversightseeing.com\/es\/wp-json\/wp\/v2\/types\/page"}],"author":[{"embeddable":true,"href":"https:\/\/thamesriversightseeing.com\/es\/wp-json\/wp\/v2\/users\/1"}],"replies":[{"embeddable":true,"href":"https:\/\/thamesriversightseeing.com\/es\/wp-json\/wp\/v2\/comments?post=23998"}],"version-history":[{"count":0,"href":"https:\/\/thamesriversightseeing.com\/es\/wp-json\/wp\/v2\/pages\/23998\/revisions"}],"wp:attachment":[{"href":"https:\/\/thamesriversightseeing.com\/es\/wp-json\/wp\/v2\/media?parent=23998"}],"curies":[{"name":"wp","href":"https:\/\/api.w.org\/{rel}","templated":true}]}}