{"id":24022,"date":"2023-11-14T17:57:38","date_gmt":"2023-11-14T17:57:38","guid":{"rendered":"https:\/\/thamesriversightseeing.com\/politica-de-cookies-y-privacidad\/"},"modified":"2025-11-19T17:19:56","modified_gmt":"2025-11-19T17:19:56","slug":"politica-de-cookies-y-privacidad","status":"publish","type":"page","link":"https:\/\/thamesriversightseeing.com\/es\/politica-de-cookies-y-privacidad\/","title":{"rendered":"Pol\u00edtica de cookies y privacidad"},"content":{"rendered":"\t\t<div data-elementor-type=\"wp-page\" data-elementor-id=\"24022\" class=\"elementor elementor-24022 elementor-910\" data-elementor-post-type=\"page\">\n\t\t\t\t<div class=\"elementor-element elementor-element-ef8eb98 e-flex e-con-boxed e-con e-parent\" data-id=\"ef8eb98\" data-element_type=\"container\" data-e-type=\"container\" data-settings=\"{&quot;background_background&quot;:&quot;classic&quot;,&quot;jet_parallax_layout_list&quot;:[]}\">\n\t\t\t\t\t<div class=\"e-con-inner\">\n\t\t\t\t<div class=\"elementor-element elementor-element-15720f2 elementor-widget elementor-widget-heading\" data-id=\"15720f2\" data-element_type=\"widget\" data-e-type=\"widget\" data-widget_type=\"heading.default\">\n\t\t\t\t<div class=\"elementor-widget-container\">\n\t\t\t\t\t<h1 class=\"elementor-heading-title elementor-size-default\">Privacidad y cookies<\/h1>\t\t\t\t<\/div>\n\t\t\t\t<\/div>\n\t\t\t\t\t<\/div>\n\t\t\t\t<\/div>\n\t\t<div class=\"elementor-element elementor-element-630f0e1 e-flex e-con-boxed e-con e-parent\" data-id=\"630f0e1\" data-element_type=\"container\" data-e-type=\"container\" data-settings=\"{&quot;jet_parallax_layout_list&quot;:[]}\">\n\t\t\t\t\t<div class=\"e-con-inner\">\n\t\t<div class=\"elementor-element elementor-element-0f3fc61 e-con-full e-flex e-con e-child\" data-id=\"0f3fc61\" data-element_type=\"container\" data-e-type=\"container\" data-settings=\"{&quot;jet_parallax_layout_list&quot;:[]}\">\n\t\t\t\t<div class=\"elementor-element elementor-element-ac1c7f0 elementor-widget elementor-widget-heading\" data-id=\"ac1c7f0\" data-element_type=\"widget\" data-e-type=\"widget\" data-widget_type=\"heading.default\">\n\t\t\t\t<div class=\"elementor-widget-container\">\n\t\t\t\t\t<h2 class=\"elementor-heading-title elementor-size-default\">Entendiendo nuestras pol\u00edticas<\/h2>\t\t\t\t<\/div>\n\t\t\t\t<\/div>\n\t\t\t\t<div class=\"elementor-element elementor-element-019ef39 elementor-widget elementor-widget-text-editor\" data-id=\"019ef39\" data-element_type=\"widget\" data-e-type=\"widget\" data-widget_type=\"text-editor.default\">\n\t\t\t\t<div class=\"elementor-widget-container\">\n\t\t\t\t\t\t\t\t\t<p><strong>1. Qu\u00e9 cubre esta pol\u00edtica de privacidad<\/strong><\/p><p>Esta pol\u00edtica de privacidad explica qu\u00e9 informaci\u00f3n recopila Thames River Sightseeing sobre ti y c\u00f3mo se utilizar\u00e1.<\/p><p>Thames River Sightseeing se compromete a respetar cualquier dato personal que compartas con nosotros, o que obtengamos de otras organizaciones, y a mantenerlo seguro. Nuestro objetivo es ser claros cuando recopilamos tus datos y no hacer nada que no esperar\u00edas razonablemente. <\/p><p>Si tienes alguna pregunta sobre esta pol\u00edtica de privacidad, ponte en contacto con nuestro equipo en <a href=\"mailto:info@thamesriversightseeing.com\" target=\"_blank\" rel=\"noopener noreferrer\">info@thamesriversightseeing.com<\/a><\/p><p><strong>2. Qu\u00e9 informaci\u00f3n recopilamos sobre ti y c\u00f3mo la recopilamos<\/strong><\/p><ul><li>Informaci\u00f3n que nos proporcionas<\/li><\/ul><p>Cuando realizas una compra con nosotros de billetes para Thames River Sightseeing, te pediremos tu informaci\u00f3n personal para poder procesar tu compra.<\/p><p><strong>La informaci\u00f3n personal que recopilamos puede incluir:<\/strong><\/p><ul><li>T\u00edtulo, nombre, apellido;<\/li><li>Direcci\u00f3n postal, direcci\u00f3n de correo electr\u00f3nico y n\u00fameros de tel\u00e9fono<\/li><li>Datos de la tarjeta de cr\u00e9dito<\/li><\/ul><p>Para reservas de escuelas\/grupos, tambi\u00e9n podemos recopilar:<\/p><ul><li>Nombre de la organizaci\u00f3n<\/li><li>Direcci\u00f3n postal, direcci\u00f3n de correo electr\u00f3nico y n\u00fameros de tel\u00e9fono de la organizaci\u00f3n<\/li><li>Datos bancarios o de la tarjeta de cr\u00e9dito<\/li><\/ul><p>Recopilamos esta informaci\u00f3n personal cuando rellenas formularios en este sitio web o cuando te pones en contacto con nosotros por tel\u00e9fono o correo electr\u00f3nico.<\/p><ul><li>Informaci\u00f3n que proporcionas a terceros<\/li><\/ul><p><strong>Tambi\u00e9n recopilamos datos personales de los siguientes terceros:<\/strong><\/p><ul><li>Agentes de venta de billetes que nos transfieren datos personales cuando compras un billete a trav\u00e9s de ellos para uno de nuestros servicios.<\/li><li>Operadores tur\u00edsticos que nos transfieren datos personales a trav\u00e9s de un bono comercial cuando compras un billete a trav\u00e9s de ellos para uno de nuestros servicios. Otros socios comerciales que nos transfieren datos personales a trav\u00e9s de descuentos o vales de ofertas especiales cuando utilizas sus servicios y aceptas utilizar estas promociones.<\/li><li>CCTV: mediante el uso de CCTV y c\u00e1maras corporales (algunas de las cuales tienen la capacidad de grabar audio) para prevenir y detectar delitos y para mantener seguras a las personas que visitan y trabajan en nuestros barcos o en nuestros muelles.<\/li><li>Cookies<\/li><\/ul><p>Una cookie es un peque\u00f1o archivo que pide permiso para ser colocado en el disco duro de tu ordenador. Una vez que aceptas, el archivo se a\u00f1ade y la cookie ayuda a analizar el tr\u00e1fico web o te permite saber cu\u00e1ndo visitas un sitio en particular. <\/p><p>Las cookies permiten que las aplicaciones web te respondan como individuo. La aplicaci\u00f3n web puede adaptar sus operaciones a tus necesidades, gustos y aversiones recopilando y recordando informaci\u00f3n sobre tus preferencias. <\/p><p>Utilizamos cookies de registro de tr\u00e1fico para identificar qu\u00e9 p\u00e1ginas se est\u00e1n utilizando. Esto nos ayuda a analizar los datos sobre el tr\u00e1fico de p\u00e1ginas web y a mejorar nuestro sitio web con el fin de adaptarlo a las necesidades de los clientes. Solo utilizamos esta informaci\u00f3n para fines de an\u00e1lisis estad\u00edstico y, a continuaci\u00f3n, los datos se eliminan del sistema.  <\/p><p>En general, las cookies nos ayudan a proporcionarte un mejor sitio web, permiti\u00e9ndonos controlar qu\u00e9 p\u00e1ginas te resultan \u00fatiles y cu\u00e1les no. Una cookie de ninguna manera nos da acceso a tu ordenador o a cualquier informaci\u00f3n sobre ti, aparte de los datos que elijas compartir con nosotros. <\/p><p>Puedes elegir aceptar o rechazar las cookies. La mayor\u00eda de los navegadores web aceptan autom\u00e1ticamente las cookies, pero normalmente puedes modificar la configuraci\u00f3n de tu navegador para rechazarlas si lo prefieres. Esto puede impedir que aproveches al m\u00e1ximo el sitio web.  <\/p><p><strong>Google Analytics<\/strong><\/p><p>Este sitio web utiliza Google Analytics para analizar los datos, pero no recopilamos ninguna informaci\u00f3n personal. Utilizamos esta herramienta para comprender c\u00f3mo nuestros visitantes utilizan e interact\u00faan con nuestro sitio web y nuestras aplicaciones. Este an\u00e1lisis nos ayuda a realizar mejoras en nuestros servicios web y en tu experiencia en l\u00ednea.  <\/p><p><strong>Redes sociales<\/strong><\/p><p>Si eres usuario de redes sociales, utilizaremos ciertas herramientas de redes sociales como parte de nuestra relaci\u00f3n contigo. Estas incluyen Facebook, Twitter, Instagram y LinkedIn. <\/p><p><strong>3. Qu\u00e9 hacemos con tu informaci\u00f3n<\/strong><\/p><p>Actualmente, utilizamos tus datos para los siguientes fines:<\/p><ul><li>Para proporcionar un producto o servicio que hayas solicitado<\/li><li>Para ponernos en contacto contigo si necesitamos obtener o proporcionar informaci\u00f3n adicional (por ejemplo, la cancelaci\u00f3n de un servicio)<\/li><li>Objetos perdidos<\/li><li>Quejas de los clientes<\/li><li>Fines de facturaci\u00f3n<\/li><li>Para cumplir con una obligaci\u00f3n legal, para los siguientes fines:<\/li><li>cuando ejerces tus derechos en virtud de la ley de protecci\u00f3n de datos y realizas solicitudes;<\/li><li>para cooperar con las investigaciones realizadas por organismos mar\u00edtimos oficiales, como la Agencia Mar\u00edtima y de Guardacostas y la Autoridad del Puerto de Londres; y<\/li><li>para cumplir con cualquier obligaci\u00f3n legal, cualquier solicitud legal de funcionarios gubernamentales o policiales y seg\u00fan sea necesario para cumplir con los requisitos de seguridad nacional o de aplicaci\u00f3n de la ley o para prevenir actividades ilegales.<\/li><li>Nunca venderemos tus datos personales<\/li><li>Nunca utilizaremos tus datos personales para ning\u00fan fin de marketing<\/li><\/ul><p><strong>4. Con qui\u00e9n compartimos tus datos personales<\/strong><\/p><p>Compartimos los datos con terceros para ayudar a gestionar nuestro negocio y prestar servicios. Estos terceros pueden necesitar tener acceso a tus datos personales de vez en cuando e incluyen: <\/p><ul><li>Proveedores de servicios, que ayudan a gestionar nuestros sistemas inform\u00e1ticos y administrativos, y ayudan con nuestras actividades de gesti\u00f3n de relaciones con los clientes, como socios de agencias de marketing (mantenimiento de sitios web, sistema de reservas, optimizaci\u00f3n de motores de b\u00fasqueda, cuentas de Facebook, Instagram, Twitter), empresa de servicios de tarjetas de cr\u00e9dito y empresa de servicios de n\u00f3minas.<\/li><li>Socios comerciales, con los que vendemos paquetes en nuestro sitio web<\/li><\/ul><p><strong>  5. Seguridad<\/strong><\/p><p>Reconocemos la necesidad de garantizar que la informaci\u00f3n personal recopilada a trav\u00e9s de este sitio web permanezca segura. Nuestros socios de agencia utilizan el software de servidor seguro (SSL) est\u00e1ndar de la industria para tus transacciones con nosotros para proteger contra la p\u00e9rdida, el uso indebido y la alteraci\u00f3n de la informaci\u00f3n personal bajo nuestro control. Cifra toda tu informaci\u00f3n personal, incluyendo el n\u00famero de tarjeta de cr\u00e9dito, el nombre y la direcci\u00f3n, para que no pueda ser le\u00edda mientras la informaci\u00f3n viaja por Internet. Sin embargo, reconoces que, aunque ejercemos el cuidado y la seguridad adecuados, sigue existiendo el riesgo de que la informaci\u00f3n transmitida por Internet y almacenada por un ordenador pueda ser interceptada o accedida por un tercero no autorizado.   <\/p><p><strong>6. Contrataci\u00f3n y empleo<\/strong><\/p><p>Para cumplir con nuestras obligaciones y responsabilidades contractuales, estatutarias y de gesti\u00f3n, procesamos datos personales de los solicitantes de empleo y de los empleados.<\/p><p>Compartimos estos datos personales con la empresa de servicios de n\u00f3minas. Las n\u00f3minas son emitidas por ellos. <\/p><p><strong>7. Cambios en nuestra pol\u00edtica de privacidad<\/strong><\/p><p>Nos reservamos el derecho de cambiar nuestra pol\u00edtica de privacidad de vez en cuando. Cualquier cambio de este tipo se publicar\u00e1 en esta p\u00e1gina para que podamos mantenerte informado sobre c\u00f3mo procesamos tus datos personales. Te recomendamos que consultes esta p\u00e1gina con frecuencia para que est\u00e9s al tanto de nuestra \u00faltima pol\u00edtica de privacidad y puedas actualizar tus preferencias si es necesario. Tu uso continuado de nuestros servicios constituir\u00e1 tu aceptaci\u00f3n de cualquier pol\u00edtica de privacidad revisada.   <\/p>\t\t\t\t\t\t\t\t<\/div>\n\t\t\t\t<\/div>\n\t\t\t\t<\/div>\n\t\t\t\t\t<\/div>\n\t\t\t\t<\/div>\n\t\t\t\t<\/div>\n\t\t","protected":false},"excerpt":{"rendered":"<p>Privacidad y cookies Entendiendo nuestras pol\u00edticas 1. Qu\u00e9 cubre esta pol\u00edtica de privacidad Esta pol\u00edtica de privacidad explica qu\u00e9 informaci\u00f3n recopila Thames River Sightseeing sobre ti y c\u00f3mo se utilizar\u00e1. Thames River Sightseeing se compromete a respetar cualquier dato personal que compartas con nosotros, o que obtengamos de otras organizaciones, y a mantenerlo seguro. Nuestro [&hellip;]<\/p>\n","protected":false},"author":1,"featured_media":0,"parent":0,"menu_order":0,"comment_status":"closed","ping_status":"closed","template":"","meta":{"footnotes":""},"class_list":["post-24022","page","type-page","status-publish","hentry"],"_links":{"self":[{"href":"https:\/\/thamesriversightseeing.com\/es\/wp-json\/wp\/v2\/pages\/24022","targetHints":{"allow":["GET"]}}],"collection":[{"href":"https:\/\/thamesriversightseeing.com\/es\/wp-json\/wp\/v2\/pages"}],"about":[{"href":"https:\/\/thamesriversightseeing.com\/es\/wp-json\/wp\/v2\/types\/page"}],"author":[{"embeddable":true,"href":"https:\/\/thamesriversightseeing.com\/es\/wp-json\/wp\/v2\/users\/1"}],"replies":[{"embeddable":true,"href":"https:\/\/thamesriversightseeing.com\/es\/wp-json\/wp\/v2\/comments?post=24022"}],"version-history":[{"count":0,"href":"https:\/\/thamesriversightseeing.com\/es\/wp-json\/wp\/v2\/pages\/24022\/revisions"}],"wp:attachment":[{"href":"https:\/\/thamesriversightseeing.com\/es\/wp-json\/wp\/v2\/media?parent=24022"}],"curies":[{"name":"wp","href":"https:\/\/api.w.org\/{rel}","templated":true}]}}