{"id":24128,"date":"2023-11-08T20:07:17","date_gmt":"2023-11-08T20:07:17","guid":{"rendered":"https:\/\/thamesriversightseeing.com\/acerca-de\/"},"modified":"2023-11-08T20:07:17","modified_gmt":"2023-11-08T20:07:17","slug":"acerca-de","status":"publish","type":"page","link":"https:\/\/thamesriversightseeing.com\/es\/acerca-de\/","title":{"rendered":"Acerca de"},"content":{"rendered":"\t\t<div data-elementor-type=\"wp-page\" data-elementor-id=\"24128\" class=\"elementor elementor-24128 elementor-522\" data-elementor-post-type=\"page\">\n\t\t\t\t<div class=\"elementor-element elementor-element-ef8eb98 e-flex e-con-boxed e-con e-parent\" data-id=\"ef8eb98\" data-element_type=\"container\" data-e-type=\"container\" data-settings=\"{&quot;background_background&quot;:&quot;classic&quot;,&quot;jet_parallax_layout_list&quot;:[]}\">\n\t\t\t\t\t<div class=\"e-con-inner\">\n\t\t\t\t<div class=\"elementor-element elementor-element-15720f2 elementor-widget elementor-widget-heading\" data-id=\"15720f2\" data-element_type=\"widget\" data-e-type=\"widget\" data-widget_type=\"heading.default\">\n\t\t\t\t<div class=\"elementor-widget-container\">\n\t\t\t\t\t<h1 class=\"elementor-heading-title elementor-size-default\">Acerca de Thames River sightseeing<\/h1>\t\t\t\t<\/div>\n\t\t\t\t<\/div>\n\t\t\t\t\t<\/div>\n\t\t\t\t<\/div>\n\t\t<div class=\"elementor-element elementor-element-c4bc2bc e-flex e-con-boxed e-con e-parent\" data-id=\"c4bc2bc\" data-element_type=\"container\" data-e-type=\"container\" data-settings=\"{&quot;jet_parallax_layout_list&quot;:[]}\">\n\t\t\t\t\t<div class=\"e-con-inner\">\n\t\t<div class=\"elementor-element elementor-element-a8f851c e-con-full e-flex e-con e-child\" data-id=\"a8f851c\" data-element_type=\"container\" data-e-type=\"container\" data-settings=\"{&quot;jet_parallax_layout_list&quot;:[]}\">\n\t\t\t\t<div class=\"elementor-element elementor-element-82d67e3 elementor-widget__width-initial elementor-widget elementor-widget-image\" data-id=\"82d67e3\" data-element_type=\"widget\" data-e-type=\"widget\" data-widget_type=\"image.default\">\n\t\t\t\t<div class=\"elementor-widget-container\">\n\t\t\t\t\t\t\t\t\t\t\t\t\t\t\t<img loading=\"lazy\" decoding=\"async\" width=\"768\" height=\"445\" src=\"https:\/\/thamesriversightseeing.com\/wp-content\/uploads\/2023\/11\/About-page.jpg.webp\" class=\"attachment-large size-large wp-image-24155\" alt=\"Puente del r\u00edo T\u00e1mesis con vistas al paisaje del r\u00edo T\u00e1mesis en Thames River Sightseeing\" srcset=\"https:\/\/thamesriversightseeing.com\/wp-content\/uploads\/2023\/11\/About-page.jpg.webp 768w, https:\/\/thamesriversightseeing.com\/wp-content\/uploads\/2023\/11\/About-page.jpg-300x174.webp 300w, https:\/\/thamesriversightseeing.com\/wp-content\/uploads\/2023\/11\/About-page.jpg-600x348.webp 600w\" sizes=\"auto, (max-width: 768px) 100vw, 768px\" title=\"\">\t\t\t\t\t\t\t\t\t\t\t\t\t\t\t<\/div>\n\t\t\t\t<\/div>\n\t\t\t\t<div class=\"elementor-element elementor-element-6b528ec elementor-widget__width-initial elementor-hidden-tablet elementor-hidden-mobile elementor-widget elementor-widget-image\" data-id=\"6b528ec\" data-element_type=\"widget\" data-e-type=\"widget\" data-widget_type=\"image.default\">\n\t\t\t\t<div class=\"elementor-widget-container\">\n\t\t\t\t\t\t\t\t\t\t\t\t\t\t\t<img loading=\"lazy\" decoding=\"async\" width=\"1024\" height=\"678\" src=\"https:\/\/thamesriversightseeing.com\/wp-content\/uploads\/2023\/11\/ly01_4-8-17_thomas_doggett-1024x678.jpg\" class=\"attachment-large size-large wp-image-24152\" alt=\"Thomas doggott con carrusel en Thames River sightseeing\" srcset=\"https:\/\/thamesriversightseeing.com\/wp-content\/uploads\/2023\/11\/ly01_4-8-17_thomas_doggett-1024x678.jpg 1024w, https:\/\/thamesriversightseeing.com\/wp-content\/uploads\/2023\/11\/ly01_4-8-17_thomas_doggett-300x199.jpg 300w, https:\/\/thamesriversightseeing.com\/wp-content\/uploads\/2023\/11\/ly01_4-8-17_thomas_doggett-768x508.jpg 768w, https:\/\/thamesriversightseeing.com\/wp-content\/uploads\/2023\/11\/ly01_4-8-17_thomas_doggett-1536x1016.jpg 1536w, https:\/\/thamesriversightseeing.com\/wp-content\/uploads\/2023\/11\/ly01_4-8-17_thomas_doggett-2048x1355.jpg 2048w, https:\/\/thamesriversightseeing.com\/wp-content\/uploads\/2023\/11\/ly01_4-8-17_thomas_doggett-600x397.jpg 600w\" sizes=\"auto, (max-width: 1024px) 100vw, 1024px\" title=\"\">\t\t\t\t\t\t\t\t\t\t\t\t\t\t\t<\/div>\n\t\t\t\t<\/div>\n\t\t\t\t<\/div>\n\t\t<div class=\"elementor-element elementor-element-c535d18 e-con-full e-flex e-con e-child\" data-id=\"c535d18\" data-element_type=\"container\" data-e-type=\"container\" data-settings=\"{&quot;jet_parallax_layout_list&quot;:[]}\">\n\t\t\t\t<div class=\"elementor-element elementor-element-c071abf elementor-widget elementor-widget-heading\" data-id=\"c071abf\" data-element_type=\"widget\" data-e-type=\"widget\" data-widget_type=\"heading.default\">\n\t\t\t\t<div class=\"elementor-widget-container\">\n\t\t\t\t\t<h2 class=\"elementor-heading-title elementor-size-default\">QUI\u00c9NES SOMOS<\/h2>\t\t\t\t<\/div>\n\t\t\t\t<\/div>\n\t\t\t\t<div class=\"elementor-element elementor-element-9022dd0 elementor-widget elementor-widget-text-editor\" data-id=\"9022dd0\" data-element_type=\"widget\" data-e-type=\"widget\" data-widget_type=\"text-editor.default\">\n\t\t\t\t<div class=\"elementor-widget-container\">\n\t\t\t\t\t\t\t\t\t<p><span style=\"font-weight: 400;\">Thames River Sightseeing (formalmente Thames River Services) se cre\u00f3 cuando un grupo de propietarios independientes de barcos de fiesta unieron sus fuerzas para iniciar una empresa de turismo. Durante el d\u00eda, los turistas pueden disfrutar de viajes tur\u00edsticos por el r\u00edo y, por la noche, grupos de asistentes a fiestas pueden <\/span><a href=\"https:\/\/thamesriversightseeing.com\/es\/acerca-de\/#\"><span style=\"font-weight: 400;\">alquilar barcos para fiestas y eventos corporativos<\/span><\/a><span style=\"font-weight: 400;\">. Acabamos de experimentar un importante cambio de marca que ha supuesto la fusi\u00f3n de nuestros dos servicios <\/span><b>Thames River Services<\/b><span style=\"font-weight: 400;\"> y <\/span><b>Circular Cruise<\/b><span style=\"font-weight: 400;\">, para convertirnos en la nueva marca Thames River Sightseeing.<\/span><span style=\"font-weight: 300;\"><br><\/span><span style=\"font-weight: 300;\"><br><\/span><span style=\"font-weight: 400;\">Con m\u00e1s de 50 a\u00f1os de experiencia, Thames River Sightseeing es uno de los  <\/span><a href=\"https:\/\/thamesriversightseeing.com\/es\/acerca-de\/#\"><span style=\"font-weight: 400;\">cruceros en barco por el r\u00edo desde Westminster a Greenwich<\/span><\/a><span style=\"font-weight: 400;\">.  <\/span><span style=\"font-weight: 400;\">Al ser una empresa familiar, nuestra dedicaci\u00f3n a brindar la experiencia de la m\u00e1s alta calidad es inigualable, con servicios de lujo, una flota de elegantes embarcaciones, todas con asientos interiores y exteriores y un bar completamente abastecido, comentarios educativos y en vivo en varios idiomas y un equipo dedicado a garantizar que su viaje no sea m\u00e1s que una navegaci\u00f3n tranquila. \u00danase a nuestros patrones locales mientras se sumerge en un viaje incre\u00edble donde disfrutar\u00e1 de vistas panor\u00e1micas del horizonte, lugares de inter\u00e9s hist\u00f3rico y joyas ocultas. Suba a nuestros barcos y vea m\u00e1s de 60 lugares emblem\u00e1ticos directamente desde el r\u00edo T\u00e1mesis. B\u00e1jese en cualquiera de nuestras paradas y cree su propia aventura en Londres, y una vez que est\u00e9 listo, vuelva a subir para continuar su exploraci\u00f3n. Con Thames River Sightseeing, puede evitar las concurridas pasarelas y las calles llenas de tr\u00e1fico y sentarse, relajarse y disfrutar de una forma aut\u00e9ntica de explorar Londres.    <\/span><\/p>\t\t\t\t\t\t\t\t<\/div>\n\t\t\t\t<\/div>\n\t\t\t\t<\/div>\n\t\t\t\t\t<\/div>\n\t\t\t\t<\/div>\n\t\t<div class=\"elementor-element elementor-element-7fb73bd e-flex e-con-boxed e-con e-parent\" data-id=\"7fb73bd\" data-element_type=\"container\" data-e-type=\"container\" data-settings=\"{&quot;background_background&quot;:&quot;classic&quot;,&quot;jet_parallax_layout_list&quot;:[]}\">\n\t\t\t\t\t<div class=\"e-con-inner\">\n\t\t<div class=\"elementor-element elementor-element-2f1fe0b e-con-full e-flex e-con e-child\" data-id=\"2f1fe0b\" data-element_type=\"container\" data-e-type=\"container\" data-settings=\"{&quot;jet_parallax_layout_list&quot;:[]}\">\n\t\t<div class=\"elementor-element elementor-element-7aec888 e-con-full e-flex e-con e-child\" data-id=\"7aec888\" data-element_type=\"container\" data-e-type=\"container\" data-settings=\"{&quot;jet_parallax_layout_list&quot;:[]}\">\n\t\t\t\t<div class=\"elementor-element elementor-element-f33707c elementor-widget elementor-widget-heading\" data-id=\"f33707c\" data-element_type=\"widget\" data-e-type=\"widget\" data-widget_type=\"heading.default\">\n\t\t\t\t<div class=\"elementor-widget-container\">\n\t\t\t\t\t<h3 class=\"elementor-heading-title elementor-size-default\">Descubre Londres<\/h3>\t\t\t\t<\/div>\n\t\t\t\t<\/div>\n\t\t\t\t<div class=\"elementor-element elementor-element-680ee13 elementor-widget elementor-widget-text-editor\" data-id=\"680ee13\" data-element_type=\"widget\" data-e-type=\"widget\" data-widget_type=\"text-editor.default\">\n\t\t\t\t<div class=\"elementor-widget-container\">\n\t\t\t\t\t\t\t\t\t<span style=\"font-weight: 400;\">Con nuestros cuatro puntos de partida, puede explorar Londres de la manera que desee. T\u00f3mese su tiempo para visitar muchas de <\/span><a style=\"color: #fff; text-decoration: underline;\" href=\"https:\/\/thamesriversightseeing.com\/es\/acerca-de\/#\"><span style=\"font-weight: 400;\">las mejores atracciones tur\u00edsticas de Londres<\/span><\/a><span style=\"font-weight: 400;\"> desde el r\u00edo desde la seguridad de nuestros barcos descubiertos, que operan llueva o haga sol.<\/span>\t\t\t\t\t\t\t\t<\/div>\n\t\t\t\t<\/div>\n\t\t\t\t<div class=\"elementor-element elementor-element-0aa778b elementor-hidden-desktop elementor-hidden-tablet elementor-hidden-mobile elementor-widget elementor-widget-image\" data-id=\"0aa778b\" data-element_type=\"widget\" data-e-type=\"widget\" data-widget_type=\"image.default\">\n\t\t\t\t<div class=\"elementor-widget-container\">\n\t\t\t\t\t\t\t\t\t\t\t\t\t\t\t<img loading=\"lazy\" decoding=\"async\" width=\"1024\" height=\"683\" src=\"https:\/\/thamesriversightseeing.com\/wp-content\/uploads\/2023\/11\/10_TRS-1024x683.jpg\" class=\"attachment-large size-large wp-image-24153\" alt=\"Una impresionante vista del paisaje urbano capturada durante una excursi\u00f3n tur\u00edstica por el r\u00edo T\u00e1mesis\" srcset=\"https:\/\/thamesriversightseeing.com\/wp-content\/uploads\/2023\/11\/10_TRS-1024x683.jpg 1024w, https:\/\/thamesriversightseeing.com\/wp-content\/uploads\/2023\/11\/10_TRS-300x200.jpg 300w, https:\/\/thamesriversightseeing.com\/wp-content\/uploads\/2023\/11\/10_TRS-768x512.jpg 768w, https:\/\/thamesriversightseeing.com\/wp-content\/uploads\/2023\/11\/10_TRS-1536x1024.jpg 1536w, https:\/\/thamesriversightseeing.com\/wp-content\/uploads\/2023\/11\/10_TRS-2048x1365.jpg 2048w, https:\/\/thamesriversightseeing.com\/wp-content\/uploads\/2023\/11\/10_TRS-600x400.jpg 600w\" sizes=\"auto, (max-width: 1024px) 100vw, 1024px\" title=\"\">\t\t\t\t\t\t\t\t\t\t\t\t\t\t\t<\/div>\n\t\t\t\t<\/div>\n\t\t\t\t<\/div>\n\t\t<div class=\"elementor-element elementor-element-68bf680 e-con-full e-flex e-con e-child\" data-id=\"68bf680\" data-element_type=\"container\" data-e-type=\"container\" data-settings=\"{&quot;jet_parallax_layout_list&quot;:[]}\">\n\t\t<div class=\"elementor-element elementor-element-f033869 e-con-full e-flex e-con e-child\" data-id=\"f033869\" data-element_type=\"container\" data-e-type=\"container\" data-settings=\"{&quot;background_background&quot;:&quot;classic&quot;,&quot;jet_parallax_layout_list&quot;:[]}\">\n\t\t\t\t<div class=\"elementor-element elementor-element-68dcdb2 elementor-widget elementor-widget-spacer\" data-id=\"68dcdb2\" data-element_type=\"widget\" data-e-type=\"widget\" data-widget_type=\"spacer.default\">\n\t\t\t\t<div class=\"elementor-widget-container\">\n\t\t\t\t\t\t\t<div class=\"elementor-spacer\">\n\t\t\t<div class=\"elementor-spacer-inner\"><\/div>\n\t\t<\/div>\n\t\t\t\t\t\t<\/div>\n\t\t\t\t<\/div>\n\t\t\t\t<\/div>\n\t\t<div class=\"elementor-element elementor-element-48dd377 e-con-full elementor-hidden-desktop elementor-hidden-tablet elementor-hidden-mobile e-flex e-con e-child\" data-id=\"48dd377\" data-element_type=\"container\" data-e-type=\"container\" data-settings=\"{&quot;background_background&quot;:&quot;classic&quot;,&quot;jet_parallax_layout_list&quot;:[]}\">\n\t\t\t\t<div class=\"elementor-element elementor-element-ff76c71 elementor-view-framed elementor-shape-circle elementor-widget elementor-widget-icon\" data-id=\"ff76c71\" data-element_type=\"widget\" data-e-type=\"widget\" data-widget_type=\"icon.default\">\n\t\t\t\t<div class=\"elementor-widget-container\">\n\t\t\t\t\t\t\t<div class=\"elementor-icon-wrapper\">\n\t\t\t<div class=\"elementor-icon\">\n\t\t\t<svg xmlns=\"http:\/\/www.w3.org\/2000\/svg\" viewBox=\"0 0 383.25 335.42\"><g id=\"Layer_2\" data-name=\"Layer 2\"><g id=\"Layer_1-2\" data-name=\"Layer 1\"><path d=\"M0,321.12c2.62-6.06,7.16-8.67,13.82-8.55a41.07,41.07,0,0,0,20.11-5c11-5.84,22.56-9.95,35.84-9.69-.58-1.58-1-2.81-1.47-4l-38.64-97.6c-2.58-6.53-.92-9.68,6-11.49q76.42-20,152.87-39.93a12.88,12.88,0,0,1,6.17-.06q76.45,19.88,152.86,39.95c7.11,1.86,8.62,5,5.9,11.83Q334.25,245,315,293.4c-.49,1.25-.94,2.52-1.54,4.13,3.22.3,6.24.17,9,.93,7.41,2,15,3.74,22,6.9,9.09,4.13,18.11,7.46,28.25,7.5a10.78,10.78,0,0,1,10.52,10.22,11.11,11.11,0,0,1-8.54,11.61,19.85,19.85,0,0,1-4.81.41c-12.79,0-24.43-4.06-35.65-9.89-11.62-6-24-6.32-36.4-3.22-4.17,1.05-8.12,3.15-12,5-22.55,10.94-45.23,11.37-67.6,0-13.08-6.64-26.42-8.72-40.51-5.08-4.4,1.13-8.57,3.33-12.71,5.31-22.22,10.63-44.58,11.07-66.58,0-13.2-6.65-26.6-9-40.84-5.3a65.28,65.28,0,0,0-12.72,5.3,72,72,0,0,1-29.76,7.81c-8.47.37-11.4-1.23-15.07-8.7Zm91.56-97.68c.89-.2,2.37-.45,3.81-.83q47-12.23,94-24.42a9.92,9.92,0,0,1,4.69,0q32.74,8.44,65.43,17c10.25,2.67,20.45,5.49,30.76,7.87,6.33,1.47,11.83-2.33,13.29-8.48,1.32-5.53-2.09-11.26-7.85-13.14-1.06-.35-2.16-.59-3.24-.87-31.93-8.35-63.84-16.76-95.8-24.93a21.16,21.16,0,0,0-9.85,0c-17,4.2-34,8.73-51,13.17Q112,195.07,88.12,201.36a11.29,11.29,0,0,0-8.62,12.33C80.31,219.36,85.22,223.55,91.56,223.44Z\"><\/path><path d=\"M306.85,150.78c-12.54-3.26-24.45-6.34-36.36-9.46-24.33-6.36-48.63-12.86-73-19a23.94,23.94,0,0,0-11.32-.06c-35.58,9.1-71.09,18.48-106.62,27.77-.83.22-1.69.33-2.92.56-.08-1.36-.21-2.53-.21-3.7q0-33.12,0-66.23c0-7.18,2.45-9.61,9.69-9.61h211c7.26,0,9.72,2.42,9.72,9.59q0,33.1,0,66.23Z\"><\/path><path d=\"M225.05,48.45H158.12c-.1-1.08-.27-2-.27-3,0-8.47-.07-16.95,0-25.42C158,8.8,165.74.53,176.92.21q14.75-.42,29.53,0c11,.34,18.81,8.56,18.93,19.58.1,9.09,0,18.19,0,27.29A7.44,7.44,0,0,1,225.05,48.45Z\"><\/path><\/g><\/g><\/svg>\t\t\t<\/div>\n\t\t<\/div>\n\t\t\t\t\t\t<\/div>\n\t\t\t\t<\/div>\n\t\t\t\t<div class=\"elementor-element elementor-element-d6f12f6 elementor-widget elementor-widget-heading\" data-id=\"d6f12f6\" data-element_type=\"widget\" data-e-type=\"widget\" data-widget_type=\"heading.default\">\n\t\t\t\t<div class=\"elementor-widget-container\">\n\t\t\t\t\t<h3 class=\"elementor-heading-title elementor-size-default\">Suba a bordo, es seguro<\/h3>\t\t\t\t<\/div>\n\t\t\t\t<\/div>\n\t\t\t\t<div class=\"elementor-element elementor-element-e9d5634 elementor-widget elementor-widget-text-editor\" data-id=\"e9d5634\" data-element_type=\"widget\" data-e-type=\"widget\" data-widget_type=\"text-editor.default\">\n\t\t\t\t<div class=\"elementor-widget-container\">\n\t\t\t\t\t\t\t\t\t<span style=\"font-weight: 400;\">A TRS se le ha otorgado el est\u00e1ndar de seguridad de la industria &#8216;<\/span><a style=\"color: #fff; text-decoration: underline;\" href=\"https:\/\/thamesriversightseeing.com\/es\/acerca-de\/#\"><span style=\"font-weight: 400;\">We&#8217;re Good to Go<\/span><\/a><span style=\"font-weight: 400;\">&#8216; por <\/span><a style=\"color: #fff; text-decoration: underline;\" href=\"https:\/\/thamesriversightseeing.com\/es\/acerca-de\/#\"><span style=\"font-weight: 400;\">Visit England<\/span><\/a><span style=\"font-weight: 400;\"> para ayudarle a explorar Londres con confianza. La marca se ha otorgado a las empresas que han adaptado sus operaciones diarias de acuerdo con las directrices gubernamentales y de salud p\u00fablica. Estas medidas incluyen la venta de entradas y el pago sin contacto, instalaciones para lavarse y desinfectarse las manos, se\u00f1alizaci\u00f3n clara y distanciamiento social. Tambi\u00e9n incluye cubiertas faciales, limpieza regular y formaci\u00f3n del personal.<\/span>\t\t\t\t\t\t\t\t<\/div>\n\t\t\t\t<\/div>\n\t\t\t\t<\/div>\n\t\t\t\t<\/div>\n\t\t\t\t<\/div>\n\t\t\t\t\t<\/div>\n\t\t\t\t<\/div>\n\t\t<div class=\"elementor-element elementor-element-58ddf2a e-flex e-con-boxed e-con e-parent\" data-id=\"58ddf2a\" data-element_type=\"container\" data-e-type=\"container\" data-settings=\"{&quot;jet_parallax_layout_list&quot;:[]}\">\n\t\t\t\t\t<div class=\"e-con-inner\">\n\t\t<div class=\"elementor-element elementor-element-a02cd1f e-con-full e-flex e-con e-child\" data-id=\"a02cd1f\" data-element_type=\"container\" data-e-type=\"container\" data-settings=\"{&quot;jet_parallax_layout_list&quot;:[]}\">\n\t\t\t\t<div class=\"elementor-element elementor-element-2000ca1 elementor-view-framed elementor-shape-circle elementor-widget elementor-widget-icon\" data-id=\"2000ca1\" data-element_type=\"widget\" data-e-type=\"widget\" data-widget_type=\"icon.default\">\n\t\t\t\t<div class=\"elementor-widget-container\">\n\t\t\t\t\t\t\t<div class=\"elementor-icon-wrapper\">\n\t\t\t<div class=\"elementor-icon\">\n\t\t\t<svg xmlns=\"http:\/\/www.w3.org\/2000\/svg\" viewBox=\"0 0 320.07 287.71\"><g id=\"Layer_2\" data-name=\"Layer 2\"><g id=\"Layer_1-2\" data-name=\"Layer 1\"><path d=\"M204.78,93.47h4.48q39.18,0,78.36,0c19.23,0,31.74,12.91,32.4,32.19a89.57,89.57,0,0,1-8.62,41.64c-14.62,31.58-28.45,63.54-42.6,95.34-7.45,16.72-20.43,25-38.64,25-30.86.06-61.73,0-92.6,0-14.76,0-27.31-5-37.61-15.62q-7.58-7.8-15.35-15.4a10.9,10.9,0,0,1-3.43-8.34c.06-38.62,0-77.23.15-115.85,0-2.5,1-5.8,2.7-7.36C112.36,99.59,133,67.85,154.91,37.21c5.53-7.71,11.18-15.35,16.53-23.19C178.58,3.56,188.09-1.84,200.82.57s19.82,11.37,23.49,23.19c2.58,8.3,1.62,16.52-1.62,24.55-5.57,13.76-11.05,27.56-16.56,41.35C205.68,90.78,205.32,91.93,204.78,93.47Z\"><\/path><path d=\"M.08,195.49c0-17.88-.22-35.75.08-53.62.18-11.11,5.87-19.28,15.8-24s19.77-3.7,28.67,2.83c7,5.17,11,12.34,11.08,21.13.12,35.87.2,71.74,0,107.61C55.59,264.14,43,275.86,28.13,276S.48,264.54.19,249.85C-.17,231.73.1,213.61.1,195.49Z\"><\/path><\/g><\/g><\/svg>\t\t\t<\/div>\n\t\t<\/div>\n\t\t\t\t\t\t<\/div>\n\t\t\t\t<\/div>\n\t\t<div class=\"elementor-element elementor-element-5694af4 e-con-full e-flex e-con e-child\" data-id=\"5694af4\" data-element_type=\"container\" data-e-type=\"container\" data-settings=\"{&quot;jet_parallax_layout_list&quot;:[]}\">\n\t\t\t\t<div class=\"elementor-element elementor-element-4f07fb8 elementor-widget elementor-widget-heading\" data-id=\"4f07fb8\" data-element_type=\"widget\" data-e-type=\"widget\" data-widget_type=\"heading.default\">\n\t\t\t\t<div class=\"elementor-widget-container\">\n\t\t\t\t\t<h3 class=\"elementor-heading-title elementor-size-default\">Disfrute de su crucero por el r\u00edo T\u00e1mesis<\/h3>\t\t\t\t<\/div>\n\t\t\t\t<\/div>\n\t\t\t\t<div class=\"elementor-element elementor-element-227aaea elementor-widget elementor-widget-text-editor\" data-id=\"227aaea\" data-element_type=\"widget\" data-e-type=\"widget\" data-widget_type=\"text-editor.default\">\n\t\t\t\t<div class=\"elementor-widget-container\">\n\t\t\t\t\t\t\t\t\t<p><span style=\"font-weight: 400;\">Mientras est\u00e9 a bordo de cualquiera de nuestros barcos, puede relajarse y disfrutar de los entretenidos y, a veces, divertid\u00edsimos comentarios en vivo de los miembros de la tripulaci\u00f3n local o escuchar los comentarios de audio multiling\u00fces en su tel\u00e9fono inteligente.<\/span><\/p><p><span style=\"font-weight: 400;\">Como <\/span><a href=\"#\"><span style=\"font-weight: 400;\">operamos nuestros servicios durante todo el a\u00f1o<\/span><\/a><span style=\"font-weight: 400;\">, puede estar seguro de que nuestros barcos tienen cubiertas de observaci\u00f3n al aire libre y salones con calefacci\u00f3n con ventanas panor\u00e1micas. Llueva o haga sol, puede relajarse y disfrutar de los famosos lugares de inter\u00e9s de Londres desde una perspectiva \u00fanica.<\/span><\/p>\t\t\t\t\t\t\t\t<\/div>\n\t\t\t\t<\/div>\n\t\t\t\t<\/div>\n\t\t\t\t<\/div>\n\t\t\t\t\t<\/div>\n\t\t\t\t<\/div>\n\t\t\t\t<\/div>\n\t\t","protected":false},"excerpt":{"rendered":"","protected":false},"author":1,"featured_media":0,"parent":0,"menu_order":0,"comment_status":"closed","ping_status":"closed","template":"","meta":{"footnotes":""},"class_list":["post-24128","page","type-page","status-publish","hentry"],"_links":{"self":[{"href":"https:\/\/thamesriversightseeing.com\/es\/wp-json\/wp\/v2\/pages\/24128","targetHints":{"allow":["GET"]}}],"collection":[{"href":"https:\/\/thamesriversightseeing.com\/es\/wp-json\/wp\/v2\/pages"}],"about":[{"href":"https:\/\/thamesriversightseeing.com\/es\/wp-json\/wp\/v2\/types\/page"}],"author":[{"embeddable":true,"href":"https:\/\/thamesriversightseeing.com\/es\/wp-json\/wp\/v2\/users\/1"}],"replies":[{"embeddable":true,"href":"https:\/\/thamesriversightseeing.com\/es\/wp-json\/wp\/v2\/comments?post=24128"}],"version-history":[{"count":0,"href":"https:\/\/thamesriversightseeing.com\/es\/wp-json\/wp\/v2\/pages\/24128\/revisions"}],"wp:attachment":[{"href":"https:\/\/thamesriversightseeing.com\/es\/wp-json\/wp\/v2\/media?parent=24128"}],"curies":[{"name":"wp","href":"https:\/\/api.w.org\/{rel}","templated":true}]}}